{"id":2188,"date":"2021-12-01T13:44:48","date_gmt":"2021-12-01T13:44:48","guid":{"rendered":"https:\/\/berlin.impacthub.net\/imprint\/"},"modified":"2026-02-19T19:23:57","modified_gmt":"2026-02-19T18:23:57","slug":"impressum","status":"publish","type":"page","link":"https:\/\/berlin.impacthub.net\/de\/impressum\/","title":{"rendered":"Impressum"},"content":{"rendered":"","protected":false},"excerpt":{"rendered":"","protected":false},"author":3,"featured_media":0,"parent":0,"menu_order":0,"comment_status":"closed","ping_status":"closed","template":"","meta":{"_acf_changed":false,"content-type":"","footnotes":""},"class_list":["post-2188","page","type-page","status-publish","hentry"],"acf":[],"yoast_head":"<!-- This site is optimized with the Yoast SEO plugin v27.3 - https:\/\/yoast.com\/product\/yoast-seo-wordpress\/ -->\n<title>Impressum - Impact Hub Berlin<\/title>\n<meta name=\"description\" content=\"Impact Hub Berlins Impressum. Diese Website wurde mit gr\u00f6\u00dftm\u00f6glicher Sorgfalt zusammengestellt. Umsatzsteuernummer und Gesch\u00e4ftsf\u00fchrung.\" \/>\n<meta name=\"robots\" content=\"index, follow, max-snippet:-1, max-image-preview:large, max-video-preview:-1\" \/>\n<link rel=\"canonical\" href=\"https:\/\/berlin.impacthub.net\/de\/impressum\/\" \/>\n<meta property=\"og:locale\" content=\"de_DE\" \/>\n<meta property=\"og:type\" content=\"article\" \/>\n<meta property=\"og:title\" content=\"Impressum - Impact Hub Berlin\" \/>\n<meta property=\"og:description\" content=\"Impact Hub Berlins Impressum. Diese Website wurde mit gr\u00f6\u00dftm\u00f6glicher Sorgfalt zusammengestellt. Umsatzsteuernummer und Gesch\u00e4ftsf\u00fchrung.\" \/>\n<meta property=\"og:url\" content=\"https:\/\/berlin.impacthub.net\/de\/impressum\/\" \/>\n<meta property=\"og:site_name\" content=\"Impact Hub Berlin\" \/>\n<meta property=\"article:modified_time\" content=\"2026-02-19T18:23:57+00:00\" \/>\n<meta property=\"og:image\" content=\"https:\/\/berlin.impacthub.net\/wp-content\/uploads\/2022\/07\/Coworking_Coral-Reef_IHB_DSC1477-1.jpeg\" \/>\n\t<meta property=\"og:image:width\" content=\"1920\" \/>\n\t<meta property=\"og:image:height\" content=\"1280\" \/>\n\t<meta property=\"og:image:type\" content=\"image\/jpeg\" \/>\n<meta name=\"twitter:card\" content=\"summary_large_image\" \/>\n<meta name=\"twitter:label1\" content=\"Gesch\u00e4tzte Lesezeit\" \/>\n\t<meta name=\"twitter:data1\" content=\"1\u00a0Minute\" \/>\n<script type=\"application\/ld+json\" class=\"yoast-schema-graph\">{\"@context\":\"https:\\\/\\\/schema.org\",\"@graph\":[{\"@type\":\"WebPage\",\"@id\":\"https:\\\/\\\/berlin.impacthub.net\\\/de\\\/impressum\\\/\",\"url\":\"https:\\\/\\\/berlin.impacthub.net\\\/de\\\/impressum\\\/\",\"name\":\"Impressum - Impact Hub Berlin\",\"isPartOf\":{\"@id\":\"https:\\\/\\\/berlin.impacthub.net\\\/de\\\/#website\"},\"datePublished\":\"2021-12-01T13:44:48+00:00\",\"dateModified\":\"2026-02-19T18:23:57+00:00\",\"description\":\"Impact Hub Berlins Impressum. Diese Website wurde mit gr\u00f6\u00dftm\u00f6glicher Sorgfalt zusammengestellt. Umsatzsteuernummer und Gesch\u00e4ftsf\u00fchrung.\",\"breadcrumb\":{\"@id\":\"https:\\\/\\\/berlin.impacthub.net\\\/de\\\/impressum\\\/#breadcrumb\"},\"inLanguage\":\"de\",\"potentialAction\":[{\"@type\":\"ReadAction\",\"target\":[\"https:\\\/\\\/berlin.impacthub.net\\\/de\\\/impressum\\\/\"]}]},{\"@type\":\"BreadcrumbList\",\"@id\":\"https:\\\/\\\/berlin.impacthub.net\\\/de\\\/impressum\\\/#breadcrumb\",\"itemListElement\":[{\"@type\":\"ListItem\",\"position\":1,\"name\":\"Home\",\"item\":\"https:\\\/\\\/berlin.impacthub.net\\\/de\\\/home\\\/\"},{\"@type\":\"ListItem\",\"position\":2,\"name\":\"Impressum\"}]},{\"@type\":\"WebSite\",\"@id\":\"https:\\\/\\\/berlin.impacthub.net\\\/de\\\/#website\",\"url\":\"https:\\\/\\\/berlin.impacthub.net\\\/de\\\/\",\"name\":\"Impact Hub Berlin\",\"description\":\"We make impact work.\",\"publisher\":{\"@id\":\"https:\\\/\\\/berlin.impacthub.net\\\/de\\\/#organization\"},\"potentialAction\":[{\"@type\":\"SearchAction\",\"target\":{\"@type\":\"EntryPoint\",\"urlTemplate\":\"https:\\\/\\\/berlin.impacthub.net\\\/de\\\/?s={search_term_string}\"},\"query-input\":{\"@type\":\"PropertyValueSpecification\",\"valueRequired\":true,\"valueName\":\"search_term_string\"}}],\"inLanguage\":\"de\"},{\"@type\":\"Organization\",\"@id\":\"https:\\\/\\\/berlin.impacthub.net\\\/de\\\/#organization\",\"name\":\"Impact Hub Berlin\",\"url\":\"https:\\\/\\\/berlin.impacthub.net\\\/de\\\/\",\"logo\":{\"@type\":\"ImageObject\",\"inLanguage\":\"de\",\"@id\":\"https:\\\/\\\/berlin.impacthub.net\\\/de\\\/#\\\/schema\\\/logo\\\/image\\\/\",\"url\":\"https:\\\/\\\/berlin.impacthub.net\\\/wp-content\\\/uploads\\\/2021\\\/12\\\/RED-Berlin-DG.png\",\"contentUrl\":\"https:\\\/\\\/berlin.impacthub.net\\\/wp-content\\\/uploads\\\/2021\\\/12\\\/RED-Berlin-DG.png\",\"width\":393,\"height\":192,\"caption\":\"Impact Hub Berlin\"},\"image\":{\"@id\":\"https:\\\/\\\/berlin.impacthub.net\\\/de\\\/#\\\/schema\\\/logo\\\/image\\\/\"},\"sameAs\":[\"https:\\\/\\\/www.instagram.com\\\/impacthubberlin\\\/\",\"https:\\\/\\\/www.linkedin.com\\\/company\\\/impact-hub-berlin\"]}]}<\/script>\n<!-- \/ Yoast SEO plugin. -->","yoast_head_json":{"title":"Impressum - Impact Hub Berlin","description":"Impact Hub Berlins Impressum. Diese Website wurde mit gr\u00f6\u00dftm\u00f6glicher Sorgfalt zusammengestellt. Umsatzsteuernummer und Gesch\u00e4ftsf\u00fchrung.","robots":{"index":"index","follow":"follow","max-snippet":"max-snippet:-1","max-image-preview":"max-image-preview:large","max-video-preview":"max-video-preview:-1"},"canonical":"https:\/\/berlin.impacthub.net\/de\/impressum\/","og_locale":"de_DE","og_type":"article","og_title":"Impressum - Impact Hub Berlin","og_description":"Impact Hub Berlins Impressum. Diese Website wurde mit gr\u00f6\u00dftm\u00f6glicher Sorgfalt zusammengestellt. Umsatzsteuernummer und Gesch\u00e4ftsf\u00fchrung.","og_url":"https:\/\/berlin.impacthub.net\/de\/impressum\/","og_site_name":"Impact Hub Berlin","article_modified_time":"2026-02-19T18:23:57+00:00","og_image":[{"width":1920,"height":1280,"url":"https:\/\/berlin.impacthub.net\/wp-content\/uploads\/2022\/07\/Coworking_Coral-Reef_IHB_DSC1477-1.jpeg","type":"image\/jpeg"}],"twitter_card":"summary_large_image","twitter_misc":{"Gesch\u00e4tzte Lesezeit":"1\u00a0Minute"},"schema":{"@context":"https:\/\/schema.org","@graph":[{"@type":"WebPage","@id":"https:\/\/berlin.impacthub.net\/de\/impressum\/","url":"https:\/\/berlin.impacthub.net\/de\/impressum\/","name":"Impressum - Impact Hub Berlin","isPartOf":{"@id":"https:\/\/berlin.impacthub.net\/de\/#website"},"datePublished":"2021-12-01T13:44:48+00:00","dateModified":"2026-02-19T18:23:57+00:00","description":"Impact Hub Berlins Impressum. Diese Website wurde mit gr\u00f6\u00dftm\u00f6glicher Sorgfalt zusammengestellt. Umsatzsteuernummer und Gesch\u00e4ftsf\u00fchrung.","breadcrumb":{"@id":"https:\/\/berlin.impacthub.net\/de\/impressum\/#breadcrumb"},"inLanguage":"de","potentialAction":[{"@type":"ReadAction","target":["https:\/\/berlin.impacthub.net\/de\/impressum\/"]}]},{"@type":"BreadcrumbList","@id":"https:\/\/berlin.impacthub.net\/de\/impressum\/#breadcrumb","itemListElement":[{"@type":"ListItem","position":1,"name":"Home","item":"https:\/\/berlin.impacthub.net\/de\/home\/"},{"@type":"ListItem","position":2,"name":"Impressum"}]},{"@type":"WebSite","@id":"https:\/\/berlin.impacthub.net\/de\/#website","url":"https:\/\/berlin.impacthub.net\/de\/","name":"Impact Hub Berlin","description":"We make impact work.","publisher":{"@id":"https:\/\/berlin.impacthub.net\/de\/#organization"},"potentialAction":[{"@type":"SearchAction","target":{"@type":"EntryPoint","urlTemplate":"https:\/\/berlin.impacthub.net\/de\/?s={search_term_string}"},"query-input":{"@type":"PropertyValueSpecification","valueRequired":true,"valueName":"search_term_string"}}],"inLanguage":"de"},{"@type":"Organization","@id":"https:\/\/berlin.impacthub.net\/de\/#organization","name":"Impact Hub Berlin","url":"https:\/\/berlin.impacthub.net\/de\/","logo":{"@type":"ImageObject","inLanguage":"de","@id":"https:\/\/berlin.impacthub.net\/de\/#\/schema\/logo\/image\/","url":"https:\/\/berlin.impacthub.net\/wp-content\/uploads\/2021\/12\/RED-Berlin-DG.png","contentUrl":"https:\/\/berlin.impacthub.net\/wp-content\/uploads\/2021\/12\/RED-Berlin-DG.png","width":393,"height":192,"caption":"Impact Hub Berlin"},"image":{"@id":"https:\/\/berlin.impacthub.net\/de\/#\/schema\/logo\/image\/"},"sameAs":["https:\/\/www.instagram.com\/impacthubberlin\/","https:\/\/www.linkedin.com\/company\/impact-hub-berlin"]}]}},"_links":{"self":[{"href":"https:\/\/berlin.impacthub.net\/de\/wp-json\/wp\/v2\/pages\/2188","targetHints":{"allow":["GET"]}}],"collection":[{"href":"https:\/\/berlin.impacthub.net\/de\/wp-json\/wp\/v2\/pages"}],"about":[{"href":"https:\/\/berlin.impacthub.net\/de\/wp-json\/wp\/v2\/types\/page"}],"author":[{"embeddable":true,"href":"https:\/\/berlin.impacthub.net\/de\/wp-json\/wp\/v2\/users\/3"}],"replies":[{"embeddable":true,"href":"https:\/\/berlin.impacthub.net\/de\/wp-json\/wp\/v2\/comments?post=2188"}],"version-history":[{"count":9,"href":"https:\/\/berlin.impacthub.net\/de\/wp-json\/wp\/v2\/pages\/2188\/revisions"}],"predecessor-version":[{"id":11451,"href":"https:\/\/berlin.impacthub.net\/de\/wp-json\/wp\/v2\/pages\/2188\/revisions\/11451"}],"wp:attachment":[{"href":"https:\/\/berlin.impacthub.net\/de\/wp-json\/wp\/v2\/media?parent=2188"}],"curies":[{"name":"wp","href":"https:\/\/api.w.org\/{rel}","templated":true}]}}