{"id":2170,"date":"2021-12-01T15:46:17","date_gmt":"2021-12-01T15:46:17","guid":{"rendered":"https:\/\/berlin.impacthub.net\/ueber-uns\/team-and-careers\/"},"modified":"2025-01-07T10:08:45","modified_gmt":"2025-01-07T09:08:45","slug":"team-und-karriere","status":"publish","type":"page","link":"https:\/\/berlin.impacthub.net\/de\/ueber-uns\/team-und-karriere\/","title":{"rendered":"Team und Karriere"},"content":{"rendered":"","protected":false},"excerpt":{"rendered":"","protected":false},"author":3,"featured_media":3406,"parent":2164,"menu_order":0,"comment_status":"closed","ping_status":"closed","template":"","meta":{"_acf_changed":false,"content-type":"","footnotes":""},"class_list":["post-2170","page","type-page","status-publish","has-post-thumbnail","hentry"],"acf":[],"yoast_head":"<!-- This site is optimized with the Yoast SEO plugin v27.3 - https:\/\/yoast.com\/product\/yoast-seo-wordpress\/ -->\n<title>Team und Karriere - Impact Hub Berlin<\/title>\n<meta name=\"description\" content=\"Suchst du eine Arbeit mit Sinn? Entdecke die M\u00f6glichkeiten, an Bord zu kommen und starte deine Karriere f\u00fcr Ver\u00e4nderung in unserem Team.\" \/>\n<meta name=\"robots\" content=\"index, follow, max-snippet:-1, max-image-preview:large, max-video-preview:-1\" \/>\n<link rel=\"canonical\" href=\"https:\/\/berlin.impacthub.net\/de\/ueber-uns\/team-und-karriere\/\" \/>\n<meta property=\"og:locale\" content=\"de_DE\" \/>\n<meta property=\"og:type\" content=\"article\" \/>\n<meta property=\"og:title\" content=\"Team und Karriere - Impact Hub Berlin\" \/>\n<meta property=\"og:description\" content=\"Suchst du eine Arbeit mit Sinn? Entdecke die M\u00f6glichkeiten, an Bord zu kommen und starte deine Karriere f\u00fcr Ver\u00e4nderung in unserem Team.\" \/>\n<meta property=\"og:url\" content=\"https:\/\/berlin.impacthub.net\/de\/ueber-uns\/team-und-karriere\/\" \/>\n<meta property=\"og:site_name\" content=\"Impact Hub Berlin\" \/>\n<meta property=\"article:modified_time\" content=\"2025-01-07T09:08:45+00:00\" \/>\n<meta property=\"og:image\" content=\"https:\/\/berlin.impacthub.net\/wp-content\/uploads\/2022\/04\/Coworking_Arctic-Moss_IHB_DSC1437.jpg\" \/>\n\t<meta property=\"og:image:width\" content=\"1920\" \/>\n\t<meta property=\"og:image:height\" content=\"1280\" \/>\n\t<meta property=\"og:image:type\" content=\"image\/jpeg\" \/>\n<meta name=\"twitter:card\" content=\"summary_large_image\" \/>\n<meta name=\"twitter:label1\" content=\"Gesch\u00e4tzte Lesezeit\" \/>\n\t<meta name=\"twitter:data1\" content=\"2\u00a0Minuten\" \/>\n<script type=\"application\/ld+json\" class=\"yoast-schema-graph\">{\"@context\":\"https:\\\/\\\/schema.org\",\"@graph\":[{\"@type\":\"WebPage\",\"@id\":\"https:\\\/\\\/berlin.impacthub.net\\\/de\\\/ueber-uns\\\/team-und-karriere\\\/\",\"url\":\"https:\\\/\\\/berlin.impacthub.net\\\/de\\\/ueber-uns\\\/team-und-karriere\\\/\",\"name\":\"Team und Karriere - Impact Hub Berlin\",\"isPartOf\":{\"@id\":\"https:\\\/\\\/berlin.impacthub.net\\\/de\\\/#website\"},\"primaryImageOfPage\":{\"@id\":\"https:\\\/\\\/berlin.impacthub.net\\\/de\\\/ueber-uns\\\/team-und-karriere\\\/#primaryimage\"},\"image\":{\"@id\":\"https:\\\/\\\/berlin.impacthub.net\\\/de\\\/ueber-uns\\\/team-und-karriere\\\/#primaryimage\"},\"thumbnailUrl\":\"https:\\\/\\\/berlin.impacthub.net\\\/wp-content\\\/uploads\\\/2022\\\/04\\\/Coworking_Arctic-Moss_IHB_DSC1437.jpg\",\"datePublished\":\"2021-12-01T15:46:17+00:00\",\"dateModified\":\"2025-01-07T09:08:45+00:00\",\"description\":\"Suchst du eine Arbeit mit Sinn? Entdecke die M\u00f6glichkeiten, an Bord zu kommen und starte deine Karriere f\u00fcr Ver\u00e4nderung in unserem Team.\",\"breadcrumb\":{\"@id\":\"https:\\\/\\\/berlin.impacthub.net\\\/de\\\/ueber-uns\\\/team-und-karriere\\\/#breadcrumb\"},\"inLanguage\":\"de\",\"potentialAction\":[{\"@type\":\"ReadAction\",\"target\":[\"https:\\\/\\\/berlin.impacthub.net\\\/de\\\/ueber-uns\\\/team-und-karriere\\\/\"]}]},{\"@type\":\"ImageObject\",\"inLanguage\":\"de\",\"@id\":\"https:\\\/\\\/berlin.impacthub.net\\\/de\\\/ueber-uns\\\/team-und-karriere\\\/#primaryimage\",\"url\":\"https:\\\/\\\/berlin.impacthub.net\\\/wp-content\\\/uploads\\\/2022\\\/04\\\/Coworking_Arctic-Moss_IHB_DSC1437.jpg\",\"contentUrl\":\"https:\\\/\\\/berlin.impacthub.net\\\/wp-content\\\/uploads\\\/2022\\\/04\\\/Coworking_Arctic-Moss_IHB_DSC1437.jpg\",\"width\":1920,\"height\":1280},{\"@type\":\"BreadcrumbList\",\"@id\":\"https:\\\/\\\/berlin.impacthub.net\\\/de\\\/ueber-uns\\\/team-und-karriere\\\/#breadcrumb\",\"itemListElement\":[{\"@type\":\"ListItem\",\"position\":1,\"name\":\"Home\",\"item\":\"https:\\\/\\\/berlin.impacthub.net\\\/de\\\/home\\\/\"},{\"@type\":\"ListItem\",\"position\":2,\"name\":\"\u00dcber uns\",\"item\":\"https:\\\/\\\/berlin.impacthub.net\\\/de\\\/ueber-uns\\\/\"},{\"@type\":\"ListItem\",\"position\":3,\"name\":\"Team und Karriere\"}]},{\"@type\":\"WebSite\",\"@id\":\"https:\\\/\\\/berlin.impacthub.net\\\/de\\\/#website\",\"url\":\"https:\\\/\\\/berlin.impacthub.net\\\/de\\\/\",\"name\":\"Impact Hub Berlin\",\"description\":\"We make impact work.\",\"publisher\":{\"@id\":\"https:\\\/\\\/berlin.impacthub.net\\\/de\\\/#organization\"},\"potentialAction\":[{\"@type\":\"SearchAction\",\"target\":{\"@type\":\"EntryPoint\",\"urlTemplate\":\"https:\\\/\\\/berlin.impacthub.net\\\/de\\\/?s={search_term_string}\"},\"query-input\":{\"@type\":\"PropertyValueSpecification\",\"valueRequired\":true,\"valueName\":\"search_term_string\"}}],\"inLanguage\":\"de\"},{\"@type\":\"Organization\",\"@id\":\"https:\\\/\\\/berlin.impacthub.net\\\/de\\\/#organization\",\"name\":\"Impact Hub Berlin\",\"url\":\"https:\\\/\\\/berlin.impacthub.net\\\/de\\\/\",\"logo\":{\"@type\":\"ImageObject\",\"inLanguage\":\"de\",\"@id\":\"https:\\\/\\\/berlin.impacthub.net\\\/de\\\/#\\\/schema\\\/logo\\\/image\\\/\",\"url\":\"https:\\\/\\\/berlin.impacthub.net\\\/wp-content\\\/uploads\\\/2021\\\/12\\\/RED-Berlin-DG.png\",\"contentUrl\":\"https:\\\/\\\/berlin.impacthub.net\\\/wp-content\\\/uploads\\\/2021\\\/12\\\/RED-Berlin-DG.png\",\"width\":393,\"height\":192,\"caption\":\"Impact Hub Berlin\"},\"image\":{\"@id\":\"https:\\\/\\\/berlin.impacthub.net\\\/de\\\/#\\\/schema\\\/logo\\\/image\\\/\"},\"sameAs\":[\"https:\\\/\\\/www.instagram.com\\\/impacthubberlin\\\/\",\"https:\\\/\\\/www.linkedin.com\\\/company\\\/impact-hub-berlin\"]}]}<\/script>\n<!-- \/ Yoast SEO plugin. -->","yoast_head_json":{"title":"Team und Karriere - Impact Hub Berlin","description":"Suchst du eine Arbeit mit Sinn? Entdecke die M\u00f6glichkeiten, an Bord zu kommen und starte deine Karriere f\u00fcr Ver\u00e4nderung in unserem Team.","robots":{"index":"index","follow":"follow","max-snippet":"max-snippet:-1","max-image-preview":"max-image-preview:large","max-video-preview":"max-video-preview:-1"},"canonical":"https:\/\/berlin.impacthub.net\/de\/ueber-uns\/team-und-karriere\/","og_locale":"de_DE","og_type":"article","og_title":"Team und Karriere - Impact Hub Berlin","og_description":"Suchst du eine Arbeit mit Sinn? Entdecke die M\u00f6glichkeiten, an Bord zu kommen und starte deine Karriere f\u00fcr Ver\u00e4nderung in unserem Team.","og_url":"https:\/\/berlin.impacthub.net\/de\/ueber-uns\/team-und-karriere\/","og_site_name":"Impact Hub Berlin","article_modified_time":"2025-01-07T09:08:45+00:00","og_image":[{"width":1920,"height":1280,"url":"https:\/\/berlin.impacthub.net\/wp-content\/uploads\/2022\/04\/Coworking_Arctic-Moss_IHB_DSC1437.jpg","type":"image\/jpeg"}],"twitter_card":"summary_large_image","twitter_misc":{"Gesch\u00e4tzte Lesezeit":"2\u00a0Minuten"},"schema":{"@context":"https:\/\/schema.org","@graph":[{"@type":"WebPage","@id":"https:\/\/berlin.impacthub.net\/de\/ueber-uns\/team-und-karriere\/","url":"https:\/\/berlin.impacthub.net\/de\/ueber-uns\/team-und-karriere\/","name":"Team und Karriere - Impact Hub Berlin","isPartOf":{"@id":"https:\/\/berlin.impacthub.net\/de\/#website"},"primaryImageOfPage":{"@id":"https:\/\/berlin.impacthub.net\/de\/ueber-uns\/team-und-karriere\/#primaryimage"},"image":{"@id":"https:\/\/berlin.impacthub.net\/de\/ueber-uns\/team-und-karriere\/#primaryimage"},"thumbnailUrl":"https:\/\/berlin.impacthub.net\/wp-content\/uploads\/2022\/04\/Coworking_Arctic-Moss_IHB_DSC1437.jpg","datePublished":"2021-12-01T15:46:17+00:00","dateModified":"2025-01-07T09:08:45+00:00","description":"Suchst du eine Arbeit mit Sinn? Entdecke die M\u00f6glichkeiten, an Bord zu kommen und starte deine Karriere f\u00fcr Ver\u00e4nderung in unserem Team.","breadcrumb":{"@id":"https:\/\/berlin.impacthub.net\/de\/ueber-uns\/team-und-karriere\/#breadcrumb"},"inLanguage":"de","potentialAction":[{"@type":"ReadAction","target":["https:\/\/berlin.impacthub.net\/de\/ueber-uns\/team-und-karriere\/"]}]},{"@type":"ImageObject","inLanguage":"de","@id":"https:\/\/berlin.impacthub.net\/de\/ueber-uns\/team-und-karriere\/#primaryimage","url":"https:\/\/berlin.impacthub.net\/wp-content\/uploads\/2022\/04\/Coworking_Arctic-Moss_IHB_DSC1437.jpg","contentUrl":"https:\/\/berlin.impacthub.net\/wp-content\/uploads\/2022\/04\/Coworking_Arctic-Moss_IHB_DSC1437.jpg","width":1920,"height":1280},{"@type":"BreadcrumbList","@id":"https:\/\/berlin.impacthub.net\/de\/ueber-uns\/team-und-karriere\/#breadcrumb","itemListElement":[{"@type":"ListItem","position":1,"name":"Home","item":"https:\/\/berlin.impacthub.net\/de\/home\/"},{"@type":"ListItem","position":2,"name":"\u00dcber uns","item":"https:\/\/berlin.impacthub.net\/de\/ueber-uns\/"},{"@type":"ListItem","position":3,"name":"Team und Karriere"}]},{"@type":"WebSite","@id":"https:\/\/berlin.impacthub.net\/de\/#website","url":"https:\/\/berlin.impacthub.net\/de\/","name":"Impact Hub Berlin","description":"We make impact work.","publisher":{"@id":"https:\/\/berlin.impacthub.net\/de\/#organization"},"potentialAction":[{"@type":"SearchAction","target":{"@type":"EntryPoint","urlTemplate":"https:\/\/berlin.impacthub.net\/de\/?s={search_term_string}"},"query-input":{"@type":"PropertyValueSpecification","valueRequired":true,"valueName":"search_term_string"}}],"inLanguage":"de"},{"@type":"Organization","@id":"https:\/\/berlin.impacthub.net\/de\/#organization","name":"Impact Hub Berlin","url":"https:\/\/berlin.impacthub.net\/de\/","logo":{"@type":"ImageObject","inLanguage":"de","@id":"https:\/\/berlin.impacthub.net\/de\/#\/schema\/logo\/image\/","url":"https:\/\/berlin.impacthub.net\/wp-content\/uploads\/2021\/12\/RED-Berlin-DG.png","contentUrl":"https:\/\/berlin.impacthub.net\/wp-content\/uploads\/2021\/12\/RED-Berlin-DG.png","width":393,"height":192,"caption":"Impact Hub Berlin"},"image":{"@id":"https:\/\/berlin.impacthub.net\/de\/#\/schema\/logo\/image\/"},"sameAs":["https:\/\/www.instagram.com\/impacthubberlin\/","https:\/\/www.linkedin.com\/company\/impact-hub-berlin"]}]}},"_links":{"self":[{"href":"https:\/\/berlin.impacthub.net\/de\/wp-json\/wp\/v2\/pages\/2170","targetHints":{"allow":["GET"]}}],"collection":[{"href":"https:\/\/berlin.impacthub.net\/de\/wp-json\/wp\/v2\/pages"}],"about":[{"href":"https:\/\/berlin.impacthub.net\/de\/wp-json\/wp\/v2\/types\/page"}],"author":[{"embeddable":true,"href":"https:\/\/berlin.impacthub.net\/de\/wp-json\/wp\/v2\/users\/3"}],"replies":[{"embeddable":true,"href":"https:\/\/berlin.impacthub.net\/de\/wp-json\/wp\/v2\/comments?post=2170"}],"version-history":[{"count":30,"href":"https:\/\/berlin.impacthub.net\/de\/wp-json\/wp\/v2\/pages\/2170\/revisions"}],"predecessor-version":[{"id":9715,"href":"https:\/\/berlin.impacthub.net\/de\/wp-json\/wp\/v2\/pages\/2170\/revisions\/9715"}],"up":[{"embeddable":true,"href":"https:\/\/berlin.impacthub.net\/de\/wp-json\/wp\/v2\/pages\/2164"}],"wp:featuredmedia":[{"embeddable":true,"href":"https:\/\/berlin.impacthub.net\/de\/wp-json\/wp\/v2\/media\/3406"}],"wp:attachment":[{"href":"https:\/\/berlin.impacthub.net\/de\/wp-json\/wp\/v2\/media?parent=2170"}],"curies":[{"name":"wp","href":"https:\/\/api.w.org\/{rel}","templated":true}]}}